{"id":18,"date":"2020-03-18T15:50:11","date_gmt":"2020-03-18T15:50:11","guid":{"rendered":"http:\/\/www.provzak.sk\/?page_id=18"},"modified":"2020-03-18T18:10:23","modified_gmt":"2020-03-18T18:10:23","slug":"o-stranke","status":"publish","type":"page","link":"https:\/\/www.provzak.sk\/?page_id=18","title":{"rendered":"O n\u00e1s"},"content":{"rendered":"\n<p>Provzak men\u00ed svoj rozsah \u010dinnosti!<\/p>\n\n\n<p>Design zost\u00e1va na\u010fa\u013eej na\u0161ou v\u00e1\u0161\u0148ou &#8230;<\/p>\n\n\n<figure class=\"wp-block-image size-large\"><img loading=\"lazy\" width=\"700\" height=\"394\" src=\"http:\/\/www.provzak.sk\/wp-content\/uploads\/2020\/03\/pool-house_s.jpg\" alt=\"\" class=\"wp-image-103\" srcset=\"https:\/\/www.provzak.sk\/wp-content\/uploads\/2020\/03\/pool-house_s.jpg 700w, https:\/\/www.provzak.sk\/wp-content\/uploads\/2020\/03\/pool-house_s-300x169.jpg 300w\" sizes=\"(max-width: 700px) 100vw, 700px\" \/><\/figure>\n","protected":false},"excerpt":{"rendered":"<p>Provzak men\u00ed svoj rozsah \u010dinnosti! Design zost\u00e1va na\u010fa\u013eej na\u0161ou v\u00e1\u0161\u0148ou &#8230;<\/p>\n","protected":false},"author":1,"featured_media":0,"parent":0,"menu_order":0,"comment_status":"closed","ping_status":"closed","template":"","meta":[],"_links":{"self":[{"href":"https:\/\/www.provzak.sk\/index.php?rest_route=\/wp\/v2\/pages\/18"}],"collection":[{"href":"https:\/\/www.provzak.sk\/index.php?rest_route=\/wp\/v2\/pages"}],"about":[{"href":"https:\/\/www.provzak.sk\/index.php?rest_route=\/wp\/v2\/types\/page"}],"author":[{"embeddable":true,"href":"https:\/\/www.provzak.sk\/index.php?rest_route=\/wp\/v2\/users\/1"}],"replies":[{"embeddable":true,"href":"https:\/\/www.provzak.sk\/index.php?rest_route=%2Fwp%2Fv2%2Fcomments&post=18"}],"version-history":[{"count":5,"href":"https:\/\/www.provzak.sk\/index.php?rest_route=\/wp\/v2\/pages\/18\/revisions"}],"predecessor-version":[{"id":115,"href":"https:\/\/www.provzak.sk\/index.php?rest_route=\/wp\/v2\/pages\/18\/revisions\/115"}],"wp:attachment":[{"href":"https:\/\/www.provzak.sk\/index.php?rest_route=%2Fwp%2Fv2%2Fmedia&parent=18"}],"curies":[{"name":"wp","href":"https:\/\/api.w.org\/{rel}","templated":true}]}}