{"id":17,"date":"2020-03-18T15:50:11","date_gmt":"2020-03-18T15:50:11","guid":{"rendered":"http:\/\/www.provzak.sk\/?page_id=17"},"modified":"2020-03-18T18:04:16","modified_gmt":"2020-03-18T18:04:16","slug":"uvodna-stranka","status":"publish","type":"page","link":"https:\/\/www.provzak.sk\/","title":{"rendered":"design &#038; more"},"content":{"rendered":"<p>Vitajte ! Na str\u00e1nke pracujeme.<\/p>\n\n\n<p class=\"has-large-font-size\"><strong>Pon\u00fakame V\u00e1m<\/strong>:<\/p>\n\n\n\n<ul><li>interi\u00e9rov\u00fd design<\/li><li>grafick\u00fd design<\/li><li>designov\u00e9 v\u00fdrobky pre psov a ma\u010dky<\/li><li>fotografia<\/li><\/ul>\n\n\n\n<h2 class=\"has-text-align-center\">Interi\u00e9rov\u00fd design<\/h2>\n\n\n\n<figure class=\"wp-block-gallery alignwide columns-2 is-cropped\"><ul class=\"blocks-gallery-grid\"><li class=\"blocks-gallery-item\"><figure><img loading=\"lazy\" width=\"596\" height=\"390\" src=\"http:\/\/www.provzak.sk\/wp-content\/uploads\/2020\/03\/az-entr-1.jpg\" alt=\"\" data-id=\"88\" data-link=\"http:\/\/www.provzak.sk\/?attachment_id=88\" class=\"wp-image-88\" srcset=\"https:\/\/www.provzak.sk\/wp-content\/uploads\/2020\/03\/az-entr-1.jpg 596w, https:\/\/www.provzak.sk\/wp-content\/uploads\/2020\/03\/az-entr-1-300x196.jpg 300w\" sizes=\"(max-width: 596px) 100vw, 596px\" \/><\/figure><\/li><li class=\"blocks-gallery-item\"><figure><img loading=\"lazy\" width=\"600\" height=\"337\" src=\"http:\/\/www.provzak.sk\/wp-content\/uploads\/2020\/03\/az-lr.jpg\" alt=\"\" data-id=\"89\" data-full-url=\"http:\/\/www.provzak.sk\/wp-content\/uploads\/2020\/03\/az-lr.jpg\" data-link=\"http:\/\/www.provzak.sk\/?attachment_id=89\" class=\"wp-image-89\" srcset=\"https:\/\/www.provzak.sk\/wp-content\/uploads\/2020\/03\/az-lr.jpg 600w, https:\/\/www.provzak.sk\/wp-content\/uploads\/2020\/03\/az-lr-300x169.jpg 300w\" sizes=\"(max-width: 600px) 100vw, 600px\" \/><\/figure><\/li><\/ul><figcaption class=\"blocks-gallery-caption\">family house Arizona, USA<\/figcaption><\/figure>\n\n\n\n<figure class=\"wp-block-gallery alignwide columns-2 is-cropped\"><ul class=\"blocks-gallery-grid\"><li class=\"blocks-gallery-item\"><figure><img loading=\"lazy\" width=\"600\" height=\"338\" src=\"http:\/\/www.provzak.sk\/wp-content\/uploads\/2020\/03\/degustacka1_F_web_s-1.jpg\" alt=\"\" data-id=\"98\" data-full-url=\"http:\/\/www.provzak.sk\/wp-content\/uploads\/2020\/03\/degustacka1_F_web_s-1.jpg\" data-link=\"http:\/\/www.provzak.sk\/?attachment_id=98\" class=\"wp-image-98\" srcset=\"https:\/\/www.provzak.sk\/wp-content\/uploads\/2020\/03\/degustacka1_F_web_s-1.jpg 600w, https:\/\/www.provzak.sk\/wp-content\/uploads\/2020\/03\/degustacka1_F_web_s-1-300x169.jpg 300w\" sizes=\"(max-width: 600px) 100vw, 600px\" \/><\/figure><\/li><li class=\"blocks-gallery-item\"><figure><img loading=\"lazy\" width=\"600\" height=\"338\" src=\"http:\/\/www.provzak.sk\/wp-content\/uploads\/2020\/03\/degustacka3_F_web_s.jpg\" alt=\"\" data-id=\"99\" data-full-url=\"http:\/\/www.provzak.sk\/wp-content\/uploads\/2020\/03\/degustacka3_F_web_s.jpg\" data-link=\"http:\/\/www.provzak.sk\/?attachment_id=99\" class=\"wp-image-99\" srcset=\"https:\/\/www.provzak.sk\/wp-content\/uploads\/2020\/03\/degustacka3_F_web_s.jpg 600w, https:\/\/www.provzak.sk\/wp-content\/uploads\/2020\/03\/degustacka3_F_web_s-300x169.jpg 300w\" sizes=\"(max-width: 600px) 100vw, 600px\" \/><\/figure><\/li><\/ul><figcaption class=\"blocks-gallery-caption\">degusta\u010dn\u00e1 miestnos\u0165 v pivnici<\/figcaption><\/figure>\n\n\n\n<h2 class=\"has-text-align-center\">Fotografia<\/h2>\n\n\n\n<figure class=\"wp-block-gallery alignwide columns-2 is-cropped\"><ul class=\"blocks-gallery-grid\"><li class=\"blocks-gallery-item\"><figure><img loading=\"lazy\" width=\"600\" height=\"397\" src=\"http:\/\/www.provzak.sk\/wp-content\/uploads\/2020\/03\/560196_334097913359491_983621146_n.jpg\" alt=\"\" data-id=\"106\" data-full-url=\"http:\/\/www.provzak.sk\/wp-content\/uploads\/2020\/03\/560196_334097913359491_983621146_n.jpg\" data-link=\"http:\/\/www.provzak.sk\/?attachment_id=106\" class=\"wp-image-106\" srcset=\"https:\/\/www.provzak.sk\/wp-content\/uploads\/2020\/03\/560196_334097913359491_983621146_n.jpg 600w, https:\/\/www.provzak.sk\/wp-content\/uploads\/2020\/03\/560196_334097913359491_983621146_n-300x199.jpg 300w\" sizes=\"(max-width: 600px) 100vw, 600px\" \/><\/figure><\/li><li class=\"blocks-gallery-item\"><figure><img loading=\"lazy\" width=\"600\" height=\"397\" src=\"http:\/\/www.provzak.sk\/wp-content\/uploads\/2020\/03\/942983_400443900058225_3214542_n.jpg\" alt=\"\" data-id=\"107\" data-full-url=\"http:\/\/www.provzak.sk\/wp-content\/uploads\/2020\/03\/942983_400443900058225_3214542_n.jpg\" data-link=\"http:\/\/www.provzak.sk\/?attachment_id=107\" class=\"wp-image-107\" srcset=\"https:\/\/www.provzak.sk\/wp-content\/uploads\/2020\/03\/942983_400443900058225_3214542_n.jpg 600w, https:\/\/www.provzak.sk\/wp-content\/uploads\/2020\/03\/942983_400443900058225_3214542_n-300x199.jpg 300w\" sizes=\"(max-width: 600px) 100vw, 600px\" \/><\/figure><\/li><\/ul><figcaption class=\"blocks-gallery-caption\">fotografovanie zvierat<\/figcaption><\/figure>\n","protected":false},"excerpt":{"rendered":"<p>Vitajte ! Na str\u00e1nke pracujeme. Pon\u00fakame V\u00e1m: interi\u00e9rov\u00fd design grafick\u00fd design designov\u00e9 v\u00fdrobky pre psov a ma\u010dky fotografia Interi\u00e9rov\u00fd design Fotografia<\/p>\n","protected":false},"author":1,"featured_media":46,"parent":0,"menu_order":0,"comment_status":"closed","ping_status":"closed","template":"","meta":[],"_links":{"self":[{"href":"https:\/\/www.provzak.sk\/index.php?rest_route=\/wp\/v2\/pages\/17"}],"collection":[{"href":"https:\/\/www.provzak.sk\/index.php?rest_route=\/wp\/v2\/pages"}],"about":[{"href":"https:\/\/www.provzak.sk\/index.php?rest_route=\/wp\/v2\/types\/page"}],"author":[{"embeddable":true,"href":"https:\/\/www.provzak.sk\/index.php?rest_route=\/wp\/v2\/users\/1"}],"replies":[{"embeddable":true,"href":"https:\/\/www.provzak.sk\/index.php?rest_route=%2Fwp%2Fv2%2Fcomments&post=17"}],"version-history":[{"count":12,"href":"https:\/\/www.provzak.sk\/index.php?rest_route=\/wp\/v2\/pages\/17\/revisions"}],"predecessor-version":[{"id":108,"href":"https:\/\/www.provzak.sk\/index.php?rest_route=\/wp\/v2\/pages\/17\/revisions\/108"}],"wp:featuredmedia":[{"embeddable":true,"href":"https:\/\/www.provzak.sk\/index.php?rest_route=\/wp\/v2\/media\/46"}],"wp:attachment":[{"href":"https:\/\/www.provzak.sk\/index.php?rest_route=%2Fwp%2Fv2%2Fmedia&parent=17"}],"curies":[{"name":"wp","href":"https:\/\/api.w.org\/{rel}","templated":true}]}}